{"id":19,"date":"2020-10-02T14:28:05","date_gmt":"2020-10-02T12:28:05","guid":{"rendered":"http:\/\/ceil.univ-boumerdes.dz\/demo\/?page_id=19"},"modified":"2023-10-08T12:06:41","modified_gmt":"2023-10-08T10:06:41","slug":"calendrier-des-sessions","status":"publish","type":"page","link":"https:\/\/ceil.univ-boumerdes.dz\/?page_id=19","title":{"rendered":"Calendrier des sessions"},"content":{"rendered":"\t\t<div data-elementor-type=\"wp-page\" data-elementor-id=\"19\" class=\"elementor elementor-19\" data-elementor-settings=\"[]\">\n\t\t\t\t\t\t<div class=\"elementor-inner\">\n\t\t\t\t\t\t\t<div class=\"elementor-section-wrap\">\n\t\t\t\t\t\t\t<section class=\"has_ma_el_slider elementor-section elementor-top-section elementor-element elementor-element-ed8d7d5 elementor-section-boxed elementor-section-height-default elementor-section-height-default\" data-id=\"ed8d7d5\" data-element_type=\"section\">\n\t\t\t\t\t\t<div class=\"elementor-container elementor-column-gap-default\">\n\t\t\t\t\t\t\t<div class=\"elementor-row\">\n\t\t\t\t\t<div class=\"has_ma_el_slider elementor-column elementor-col-100 elementor-top-column elementor-element elementor-element-bcfe0ef\" data-id=\"bcfe0ef\" data-element_type=\"column\">\n\t\t\t<div class=\"elementor-column-wrap elementor-element-populated\">\n\t\t\t\t\t\t\t<div class=\"elementor-widget-wrap\">\n\t\t\t\t\t\t<div class=\"elementor-element elementor-element-10d37ad elementor-widget elementor-widget-ma-dual-heading\" data-id=\"10d37ad\" data-element_type=\"widget\" data-widget_type=\"ma-dual-heading.default\">\n\t\t\t\t<div class=\"elementor-widget-container\">\n\t\t\t\n\n\t\t\t\n                <div id=\"ma-el-heading-10d37ad\" class=\"ma-el-dual-heading\">\n                    <div class=\"ma-el-dual-heading-wrapper\">\n\t\t\t\t\t\t                        <h4 class=\"ma-el-dual-heading-title\">\n\n                            \n                                <span class=\"first-heading\">\n                                    Calendrier                                <\/span>\n\n                                <span class=\"second-heading\">\n                                     des sessions                                <\/span>\n\n                            \n                        <\/h4>\n\t\t\t\t\t\t                    <\/div>\n                <\/div>\n\n            \n\n\t\t\t\t\t<\/div>\n\t\t\t\t<\/div>\n\t\t\t\t<div class=\"elementor-element elementor-element-3ddc016 elementor-widget elementor-widget-image\" data-id=\"3ddc016\" data-element_type=\"widget\" data-widget_type=\"image.default\">\n\t\t\t\t<div class=\"elementor-widget-container\">\n\t\t\t\t\t<div class=\"elementor-image\">\n\t\t\t\t\t\t\t\t\t\t<img loading=\"lazy\" decoding=\"async\" width=\"1024\" height=\"724\" src=\"https:\/\/ceil.univ-boumerdes.dz\/wp-content\/uploads\/2023\/10\/Horraires-de-travail-inscription-d\u00e9finitive-1024x724.jpg\" class=\"attachment-large size-large\" alt=\"\" srcset=\"https:\/\/ceil.univ-boumerdes.dz\/wp-content\/uploads\/2023\/10\/Horraires-de-travail-inscription-d\u00e9finitive-1024x724.jpg 1024w, https:\/\/ceil.univ-boumerdes.dz\/wp-content\/uploads\/2023\/10\/Horraires-de-travail-inscription-d\u00e9finitive-300x212.jpg 300w, https:\/\/ceil.univ-boumerdes.dz\/wp-content\/uploads\/2023\/10\/Horraires-de-travail-inscription-d\u00e9finitive-768x543.jpg 768w\" sizes=\"(max-width: 1024px) 100vw, 1024px\" \/>\t\t\t\t\t\t\t\t\t\t\t<\/div>\n\t\t\t\t<\/div>\n\t\t\t\t<\/div>\n\t\t\t\t\t\t<\/div>\n\t\t\t\t\t<\/div>\n\t\t<\/div>\n\t\t\t\t\t\t\t\t<\/div>\n\t\t\t\t\t<\/div>\n\t\t<\/section>\n\t\t\t\t<section class=\"has_ma_el_slider elementor-section elementor-top-section elementor-element elementor-element-71a71b5 elementor-hidden-desktop elementor-hidden-tablet elementor-hidden-phone elementor-section-boxed elementor-section-height-default elementor-section-height-default\" data-id=\"71a71b5\" data-element_type=\"section\">\n\t\t\t\t\t\t<div class=\"elementor-container elementor-column-gap-default\">\n\t\t\t\t\t\t\t<div class=\"elementor-row\">\n\t\t\t\t\t<div class=\"has_ma_el_slider elementor-column elementor-col-100 elementor-top-column elementor-element elementor-element-33c35bd\" data-id=\"33c35bd\" data-element_type=\"column\">\n\t\t\t<div class=\"elementor-column-wrap elementor-element-populated\">\n\t\t\t\t\t\t\t<div class=\"elementor-widget-wrap\">\n\t\t\t\t\t\t<div class=\"elementor-element elementor-element-cd31d11 elementor-widget elementor-widget-ma-dual-heading\" data-id=\"cd31d11\" data-element_type=\"widget\" data-widget_type=\"ma-dual-heading.default\">\n\t\t\t\t<div class=\"elementor-widget-container\">\n\t\t\t\n\n\t\t\t\n                <div id=\"ma-el-heading-cd31d11\" class=\"ma-el-dual-heading\">\n                    <div class=\"ma-el-dual-heading-wrapper\">\n\t\t\t\t\t\t                        <h4 class=\"ma-el-dual-heading-title\">\n\n                            \n                                <span class=\"first-heading\">\n                                    Calendrier                                <\/span>\n\n                                <span class=\"second-heading\">\n                                     des sessions                                <\/span>\n\n                            \n                        <\/h4>\n\t\t\t\t\t\t                    <\/div>\n                <\/div>\n\n            \n\n\t\t\t\t\t<\/div>\n\t\t\t\t<\/div>\n\t\t\t\t<div class=\"elementor-element elementor-element-a0928f6 elementor-widget elementor-widget-premium-addon-title\" data-id=\"a0928f6\" data-element_type=\"widget\" data-widget_type=\"premium-addon-title.default\">\n\t\t\t\t<div class=\"elementor-widget-container\">\n\t\t\t\n    <div class=\"premium-title-container style7\">\n        <h2 class=\"premium-title-header premium-title-style7\">\n                                                <span class=\"premium-title-style7-stripe-wrap\">\n                        <span class=\"premium-title-style7-stripe\"><\/span>\n                    <\/span>\n                                <div class=\"premium-title-style7-inner\">\n            \n            \n                                                                <span class=\"premium-title-text\" >\n                1\u00e8re session            <\/span>\n            \n                            <\/div>\n                                <\/h2>\n    <\/div>\n\n    \t\t<\/div>\n\t\t\t\t<\/div>\n\t\t\t\t<div class=\"elementor-element elementor-element-aa7779f elementor-widget elementor-widget-heading\" data-id=\"aa7779f\" data-element_type=\"widget\" data-widget_type=\"heading.default\">\n\t\t\t\t<div class=\"elementor-widget-container\">\n\t\t\t<h2 class=\"elementor-heading-title elementor-size-default\">* Pr\u00e9inscription en langues 1\u00e8re session 2020\/2021<\/h2>\t\t<\/div>\n\t\t\t\t<\/div>\n\t\t\t\t<div class=\"elementor-element elementor-element-03fbf7f elementor-widget elementor-widget-text-editor\" data-id=\"03fbf7f\" data-element_type=\"widget\" data-widget_type=\"text-editor.default\">\n\t\t\t\t<div class=\"elementor-widget-container\">\n\t\t\t\t\t<div class=\"elementor-text-editor elementor-clearfix\"><h3 style=\"text-align: center;\"><em><span style=\"text-decoration: underline;\"><strong>Du dimanche 07 mars au mercredi 24 mars 2021<\/strong><\/span><\/em><\/h3><h3 style=\"text-align: center;\"><em><strong>De 9H 00 \u00e0 11H 30<\/strong><\/em><\/h3><h3 style=\"text-align: center;\"><em><strong>et de 13h30 \u00e0 15h00<\/strong><\/em><\/h3><\/div>\n\t\t\t\t<\/div>\n\t\t\t\t<\/div>\n\t\t\t\t<div class=\"elementor-element elementor-element-e8fad67 elementor-widget elementor-widget-text-editor\" data-id=\"e8fad67\" data-element_type=\"widget\" data-widget_type=\"text-editor.default\">\n\t\t\t\t<div class=\"elementor-widget-container\">\n\t\t\t\t\t<div class=\"elementor-text-editor elementor-clearfix\"><p>Veuillez vous munir de :<\/p>\n<div class=\"shortcode-list shortcode-list-check2\">\n<ul>\n<li>La Carte d\u2019\u00e9tudiant de l\u2019ann\u00e9e en cours&nbsp;ou carte professionnelle (enseignants et travailleurs de l\u2019universit\u00e9 (UMBB)).<\/li>\n<li>Carte d\u2019identit\u00e9 nationale pour les externes.<\/li>\n<li>La somme de 250DA.<\/li>\n<\/ul>\n<h4>A rappeler que les pr\u00e9inscriptions pour le test de niveau seront closes le mercredi<br>24 mars 2021 \u00e0 15H00 et le test de niveau aura lieu samedi 27 mars 2021.<\/h4>\n<h4 style=\"text-align: center;\">Veuillez respecter ces horaires SVP.<\/h4>\n<\/div><\/div>\n\t\t\t\t<\/div>\n\t\t\t\t<\/div>\n\t\t\t\t\t\t<\/div>\n\t\t\t\t\t<\/div>\n\t\t<\/div>\n\t\t\t\t\t\t\t\t<\/div>\n\t\t\t\t\t<\/div>\n\t\t<\/section>\n\t\t\t\t\t\t<\/div>\n\t\t\t\t\t\t<\/div>\n\t\t\t\t\t<\/div>\n\t\t","protected":false},"excerpt":{"rendered":"<p>Calendrier des sessions Calendrier des sessions 1\u00e8re session * Pr\u00e9inscription en langues 1\u00e8re session 2020\/2021 Du dimanche 07 mars au mercredi 24 mars 2021 De 9H 00 \u00e0 11H 30 et de 13h30 \u00e0 15h00 Veuillez vous munir de : La Carte d\u2019\u00e9tudiant de l\u2019ann\u00e9e en cours&nbsp;ou carte professionnelle (enseignants et travailleurs de l\u2019universit\u00e9 (UMBB)). [&hellip;]<\/p>\n","protected":false},"author":1,"featured_media":0,"parent":0,"menu_order":0,"comment_status":"closed","ping_status":"closed","template":"","meta":{"footnotes":""},"_links":{"self":[{"href":"https:\/\/ceil.univ-boumerdes.dz\/index.php?rest_route=\/wp\/v2\/pages\/19"}],"collection":[{"href":"https:\/\/ceil.univ-boumerdes.dz\/index.php?rest_route=\/wp\/v2\/pages"}],"about":[{"href":"https:\/\/ceil.univ-boumerdes.dz\/index.php?rest_route=\/wp\/v2\/types\/page"}],"author":[{"embeddable":true,"href":"https:\/\/ceil.univ-boumerdes.dz\/index.php?rest_route=\/wp\/v2\/users\/1"}],"replies":[{"embeddable":true,"href":"https:\/\/ceil.univ-boumerdes.dz\/index.php?rest_route=%2Fwp%2Fv2%2Fcomments&post=19"}],"version-history":[{"count":10,"href":"https:\/\/ceil.univ-boumerdes.dz\/index.php?rest_route=\/wp\/v2\/pages\/19\/revisions"}],"predecessor-version":[{"id":496,"href":"https:\/\/ceil.univ-boumerdes.dz\/index.php?rest_route=\/wp\/v2\/pages\/19\/revisions\/496"}],"wp:attachment":[{"href":"https:\/\/ceil.univ-boumerdes.dz\/index.php?rest_route=%2Fwp%2Fv2%2Fmedia&parent=19"}],"curies":[{"name":"wp","href":"https:\/\/api.w.org\/{rel}","templated":true}]}}